{"id":304,"date":"2022-07-04T13:57:26","date_gmt":"2022-07-04T12:57:26","guid":{"rendered":"https:\/\/jfreguesiavimeiro.pt\/?page_id=304"},"modified":"2022-07-04T14:13:56","modified_gmt":"2022-07-04T13:13:56","slug":"politica-de-cookies","status":"publish","type":"page","link":"https:\/\/jfreguesiavimeiro.pt\/?page_id=304","title":{"rendered":"Pol\u00edtica de Cookies"},"content":{"rendered":"\n<h2 class=\"has-text-align-center wp-block-heading\">Pol\u00edtica de Cookies<\/h2>\n\n\n\n<hr class=\"wp-block-separator has-alpha-channel-opacity\"\/>\n\n\n<h2>Sobre a Pol\u00edtica de Cookies?<\/h2>\n<p>Esta Pol\u00edtica de Cookies explica o que s\u00e3o cookies e como os usamos. Deve ler esta pol\u00edtica para entender o que s\u00e3o cookies, como os usamos, os tipos de cookies que usamos, as informa\u00e7\u00f5es que recolhemos usando cookies, como essas informa\u00e7\u00f5es s\u00e3o usadas e como pode controlar as prefer\u00eancias de cookies.\u00a0 Para mais informa\u00e7\u00f5es sobre como usamos, armazenamos e mantemos os seus dados pessoais seguros, consulte nossa <a href=\"\/?page_id=286\">Pol\u00edtica de Privacidade<\/a>.\u00a0 Pode, a qualquer momento, alterar ou retirar seu consentimento da Declara\u00e7\u00e3o de Cookies no nosso site. Saiba mais sobre quem somos, como entrar em contato conosco e como processamos dados pessoais na nossa <a href=\"\/?page_id=286\">Pol\u00edtica de Privacidade<\/a>. O seu consentimento aplica-se aos seguintes dom\u00ednios: www.jfreguesiavimeiro.pt<\/p>\n<div class=\"cli_user_consent_state\">Seu estado atual: N\u00e3o foi dado consentimento. <a class=\"cli_manage_current_consent\" style=\"cursor:pointer;text-decoration:underline;\">Gerenciar consentimento.<\/a> <\/div>\n<p>\u00a0<\/p>\n<h2>O que s\u00e3o Cookies?<\/h2>\n<p>Cookies s\u00e3o pequenos arquivos de texto que s\u00e3o usados para armazenar pequenas informa\u00e7\u00f5es. Os cookies s\u00e3o armazenados no seu dispositivo quando o site \u00e9 carregado no seu navegador. Os cookies ajudam-nos a fazer com que o site funcione corretamente, a torn\u00e1-lo mais seguro, a proporcionar uma melhor experi\u00eancia do utilizador, a entender como o site funciona e a analisar o que funciona e onde precisa ser melhorado.<\/p>\n<div>\u00a0<\/div>\n<h2>Como us\u00e1mos Cookies?<\/h2>\n<p>Como a maioria dos servi\u00e7os on-line, o nosso site usa cookies prim\u00e1rios e cookies de terceiros para diversas finalidades. Os cookies prim\u00e1rios s\u00e3o principalmente necess\u00e1rios para que o site funcione da maneira correta e n\u00e3o recolhem nenhum dos seus dados de identifica\u00e7\u00e3o pessoal.Os cookies de terceiros usados nos nossos sites s\u00e3o usados principalmente para entender o desempenho do site, como o utilizador interage com o mesmo, mant\u00e9m os nossos servi\u00e7os seguros e, em geral, fornece uma melhor experi\u00eancia de utilizador e melhor as suas futuras intera\u00e7\u00f5es com o site.<\/p>\n<div>\u00a0<\/div>\n<h2>Quais os tipos de cookies que usamos?<\/h2>\n<ul>\n<li>Essenciais: Alguns cookies s\u00e3o essenciais para que possa experimentar todas as funcionalidades do nosso site. Eles permitem manter as sess\u00f5es dos utilizadores e a evitar amea\u00e7as de seguran\u00e7a. Estes cookies n\u00e3o recolhem nem armazenam nenhuma informa\u00e7\u00e3o pessoal.<\/li>\n<li>Estat\u00edsticos: Estes cookies armazenam informa\u00e7\u00f5es como o n\u00famero de visitantes do site, o n\u00famero de visitantes \u00fanicos, quais\u00a0 as p\u00e1ginas do site quem foram visitadas, a fonte da visita etc. Esses dados ajudam-nos a entender e analisar o desempenho do site.<\/li>\n<li>Funcionais: Estes s\u00e3o os cookies que ajudam certas funcionalidades n\u00e3o essenciais no nosso site. Essas funcionalidades incluem incorporar conte\u00fado como v\u00eddeos ou partilhar conte\u00fado do site nas plataformas e redes sociais.<\/li>\n<li>Prefer\u00eanciais: Estes cookies ajudam-nos a armazenar\u00a0 as suas configura\u00e7\u00f5es e prefer\u00eancias de navega\u00e7\u00e3o,\u00a0 para que tenha uma experi\u00eancia melhor e mais eficiente em futuras visitas ao site.<\/li>\n<\/ul>\n<p>A lista apresentada identifica os cookies usados no nosso site<\/p><table class=\"cookielawinfo-row-cat-table cookielawinfo-classic\"><thead><tr><th class=\"cookielawinfo-column-1\">Cookie<\/th><th class=\"cookielawinfo-column-4\">Descri\u00e7\u00e3o<\/th><\/tr><\/thead><tbody><tr class=\"cookielawinfo-row\"><td class=\"cookielawinfo-column-1\">cookielawinfo-checkbox-necessary<\/td><td class=\"cookielawinfo-column-4\">Informa\u00e7\u00e3o relativa ao consentimento do uso de cookies (necess\u00e1rios)<\/td><\/tr><tr class=\"cookielawinfo-row\"><td class=\"cookielawinfo-column-1\">cookielawinfo-checkbox-others<\/td><td class=\"cookielawinfo-column-4\">Informa\u00e7\u00e3o relativa ao consentimento do uso de cookies (opcionais)<\/td><\/tr><tr class=\"cookielawinfo-row\"><td class=\"cookielawinfo-column-1\">CookieLawInfoConsent<\/td><td class=\"cookielawinfo-column-4\">Informa\u00e7\u00e3o relativa ao consentimento do uso de cookies<\/td><\/tr><tr class=\"cookielawinfo-row\"><td class=\"cookielawinfo-column-1\">viewed_cookie_policy<\/td><td class=\"cookielawinfo-column-4\">Informa\u00e7\u00e3o relativa ao consentimento do uso de cookies (aviso)<\/td><\/tr><\/tbody><\/table>\n<h2>Como posso controlar as prefer\u00eancias do uso de Cookies?<\/h2>\n<p>Se decidir alterar as prefer\u00eancias de cookies previamente selecionadas, clique em &#8220;Pol\u00edtica de Cookies&#8221;. Ir\u00e1 surgir novamente o aviso de consentimento, permitindo que altere as suas prefer\u00eancias.Al\u00e9m disso, navegadores diferentes fornecem m\u00e9todos diferentes para bloquear e excluir cookies usados pelos sites. Pode alterar as configura\u00e7\u00f5es do seu navegador para bloquear\/excluir os cookies.<\/p>","protected":false},"excerpt":{"rendered":"<p>Pol\u00edtica de Cookies Sobre a Pol\u00edtica de Cookies? Esta Pol\u00edtica de Cookies explica o que s\u00e3o cookies e como os usamos. Deve ler esta pol\u00edtica para entender o que s\u00e3o cookies, como os usamos, os tipos de cookies que usamos, as informa\u00e7\u00f5es que recolhemos usando cookies, como essas informa\u00e7\u00f5es s\u00e3o usadas e como pode controlar [&hellip;]<\/p>\n","protected":false},"author":2,"featured_media":0,"parent":0,"menu_order":0,"comment_status":"closed","ping_status":"closed","template":"","meta":{"footnotes":""},"class_list":["post-304","page","type-page","status-publish","hentry"],"_links":{"self":[{"href":"https:\/\/jfreguesiavimeiro.pt\/index.php?rest_route=\/wp\/v2\/pages\/304","targetHints":{"allow":["GET"]}}],"collection":[{"href":"https:\/\/jfreguesiavimeiro.pt\/index.php?rest_route=\/wp\/v2\/pages"}],"about":[{"href":"https:\/\/jfreguesiavimeiro.pt\/index.php?rest_route=\/wp\/v2\/types\/page"}],"author":[{"embeddable":true,"href":"https:\/\/jfreguesiavimeiro.pt\/index.php?rest_route=\/wp\/v2\/users\/2"}],"replies":[{"embeddable":true,"href":"https:\/\/jfreguesiavimeiro.pt\/index.php?rest_route=%2Fwp%2Fv2%2Fcomments&post=304"}],"version-history":[{"count":8,"href":"https:\/\/jfreguesiavimeiro.pt\/index.php?rest_route=\/wp\/v2\/pages\/304\/revisions"}],"predecessor-version":[{"id":318,"href":"https:\/\/jfreguesiavimeiro.pt\/index.php?rest_route=\/wp\/v2\/pages\/304\/revisions\/318"}],"wp:attachment":[{"href":"https:\/\/jfreguesiavimeiro.pt\/index.php?rest_route=%2Fwp%2Fv2%2Fmedia&parent=304"}],"curies":[{"name":"wp","href":"https:\/\/api.w.org\/{rel}","templated":true}]}}